{"id":19,"date":"2026-02-09T17:22:19","date_gmt":"2026-02-09T17:22:19","guid":{"rendered":"https:\/\/wood2smoke.eu\/?page_id=19"},"modified":"2026-03-13T07:49:55","modified_gmt":"2026-03-13T07:49:55","slug":"cookie-nyilatkozat","status":"publish","type":"page","link":"https:\/\/wood2smoke.eu\/en\/cookie-nyilatkozat\/","title":{"rendered":"Cookie statement"},"content":{"rendered":"<div data-elementor-type=\"wp-page\" data-elementor-id=\"19\" class=\"elementor elementor-19\" data-elementor-post-type=\"page\">\n\t\t\t\t<div class=\"elementor-element elementor-element-f71c53f e-flex e-con-boxed e-con e-child\" data-id=\"f71c53f\" data-element_type=\"container\" data-e-type=\"container\" data-settings=\"{&quot;background_background&quot;:&quot;classic&quot;}\">\n\t\t\t\t\t<div class=\"e-con-inner\">\n\t\t<div class=\"elementor-element elementor-element-f08b5ac e-con-full e-flex e-con e-child\" data-id=\"f08b5ac\" data-element_type=\"container\" data-e-type=\"container\">\n\t\t<div class=\"elementor-element elementor-element-0edbd99 e-con-full e-flex e-con e-child\" data-id=\"0edbd99\" data-element_type=\"container\" data-e-type=\"container\">\n\t\t\t\t<\/div>\n\t\t\t\t<\/div>\n\t\t\t\t\t<\/div>\n\t\t\t\t<\/div>\n\t\t<div class=\"elementor-element elementor-element-afa63d7 e-flex e-con-boxed e-con e-parent\" data-id=\"afa63d7\" data-element_type=\"container\" data-e-type=\"container\" data-settings=\"{&quot;background_background&quot;:&quot;classic&quot;}\">\n\t\t\t\t\t<div class=\"e-con-inner\">\n\t\t\t\t<div class=\"elementor-element elementor-element-77f5716 elementor-widget elementor-widget-text-editor\" data-id=\"77f5716\" data-element_type=\"widget\" data-e-type=\"widget\" data-widget_type=\"text-editor.default\">\n\t\t\t\t\t\t\t\t\t<p><strong>EFFECTIVE: FEBRUARY 16, 2026.<\/strong><\/p><p><strong><br \/>1. WHAT ARE COOKIES AND HOW CAN YOU CHANGE THE SETTINGS?<\/strong><\/p><p>Cookies are small text files that a website can use to make the user experience more efficient.<\/p><p>Some \u201ccookies\u201d are temporary and disappear when you close your browser, while there are also persistent versions that remain on your computer for a longer period of time. According to the law, we may store cookies on the visitor&#039;s device if this is absolutely necessary for the operation of our website.<\/p><p>We require the visitor&#039;s consent to use all other types of cookies. This website uses various cookies. Some of the cookies displayed on the website are placed by our third-party service providers.<\/p><p>Browsers allow you to change your cookie settings. Most browsers automatically accept cookies by default, but this can be changed to prevent automatic acceptance once set.<\/p><p>If you would like to learn more about changing your browser settings, please refer to your browser&#039;s instructions or help. You can find out about cookie settings for the most popular browsers at the following links:<\/p><p><a href=\"https:\/\/support.google.com\/accounts\/answer\/61416?hl=hu\">Google Chrome<\/a><\/p><p><a href=\"https:\/\/support.mozilla.org\/hu\/kb\/S%C3%BCtik%20kezel%C3%A9se\">Firefox<\/a><\/p><p><a href=\"http:\/\/windows.microsoft.com\/hu-hu\/internet-explorer\/delete-manage-cookies#ie=ie-11\">Microsoft Internet Explorer 11<\/a><\/p><p><a href=\"http:\/\/windows.microsoft.com\/hu-hu\/internet-explorer\/delete-manage-cookies#ie=ie-10\">Microsoft Internet Explorer 10<\/a><\/p><p><a href=\"http:\/\/windows.microsoft.com\/hu-hu\/windows-10\/edge-privacy-faq\">Microsoft Edge<\/a><\/p><p><a href=\"http:\/\/support.apple.com\/kb\/index?page=search&amp;q=cookies%20safari\">Safari<\/a><\/p><ol start=\"2\"><li><strong> WHERE DOES INFORMATION AND CONTRIBUTION REGARDING COOKIE MANAGEMENT TAKE PLACE?<\/strong><\/li><\/ol><p>When you visit our website for the first time, a pop-up window will appear at the top of the screen and you can specify which cookies you consent to.<\/p><p>This information window also contains a link to this Privacy Statement.<\/p><ol start=\"3\"><li><strong> TYPES OF COOKIES<\/strong><\/li><\/ol><p><strong>3.1. Strictly necessary cookies<\/strong><\/p><p>Essential cookies help our website to function properly by enabling basic functions such as site navigation and access to secure areas of the website.\u00a0<\/p><p>The website cannot function properly without these cookies.<\/p><ul><li>PHPSESSID Preserves user session state between page requests until browser is closed.<\/li><li>CookieConsent Stores the user&#039;s cookie consent on the given domain. 1 year<\/li><\/ul><ul><li>__cfduid The Cloudflare content server identifies internet traffic. 1 year<\/li><li>JSESSIONID Assigns a unique, anonymous identifier to each page opening to improve the usability of the page until the browser is closed<\/li><li>wp_woocommerce_session_ Preserves the contents of the cart when navigating between pages until the browser is closed<\/li><li>woocommerce_items_in_cart Preserves the contents of the cart when navigating between pages until the browser is closed<\/li><li>wc_cart_hash_ Associates a unique identifier with each customer so that the system can link orders to the customer 1 day<\/li><\/ul><p><strong>3.2. Preference cookies<\/strong><\/p><p>By using preference cookies, we can remember information that changes certain behaviors or the appearance of the website, such as your preferred language or the region you are in.<\/p><p><strong>3.3. Cookies for statistical purposes<\/strong><\/p><p>By collecting and reporting data in an anonymous form, statistical cookies help the website owner understand how visitors interact with the website.<\/p><ul><li>_ga Records a unique identifier, used to create anonymous statistical data regarding the use of the website. 2 years<\/li><li>_gid Records a unique identifier, used to create anonymous statistical data related to the use of the website. 2 years<\/li><li>_gat Used by Google Analytics to control the frequency of requests. until browser is closed<\/li><li>collect Collects data for Google Analytics about the user&#039;s device and browsing habits, across various devices and marketing channels. until browser is closed<\/li><\/ul><p><strong>3.4. Marketing cookies<\/strong><\/p><p>We use personalization cookies to track visitors&#039; website activity. The goal is to serve more relevant ads to individual users, display content that matches their preferences, and encourage them to take action.<\/p><ul><li>ads\/ga-audiences Used by Google Adwords to target users who are likely to have a higher purchasing propensity based on their browsing habits. until browser closes<\/li><li>pref Records a unique identifier from which Google generates statistics about the videos the user has watched on YouTube. 8 months<\/li><li>fr Used by Facebook to target users who are likely to have a higher purchasing propensity based on their browsing habits. 3 months<\/li><li>tr Used by Facebook to target users who are likely to have a higher purchasing propensity based on their browsing habits. until browser closes<\/li><\/ul><ol start=\"4\"><li><strong> CHECKING AND DISABLEING COOKIE SETTINGS<\/strong><\/li><\/ol><p>Modern browsers allow you to change your \u201ccookie settings.\u201d Some browsers automatically accept cookies by default, but this setting can also be changed to prevent the visitor from automatically accepting them in the future.<\/p><p>If you switch, the browser will offer you the option to &quot;set cookies&quot; every time you visit.<\/p><p>The Data Controller does not remember any identifiers or passwords even if \u201ccookies\u201d are enabled. The visitor can use the services in complete safety even if \u201ccookies\u201d are accepted.<\/p><p>We would like to draw the attention of our visitors to the fact that since the purpose of \u201ccookies\u201d is to support and facilitate the usability and processes of the website, if \u201ccookies\u201d are disabled, we cannot guarantee that the visitor will be able to fully use all the functions of the website.<\/p><p>In this case, the website may function differently in the browser than intended.<\/p>\t\t\t\t\t\t\t\t<\/div>\n\t\t\t\t\t<\/div>\n\t\t\t\t<\/div>\n\t\t\t\t<\/div>","protected":false},"excerpt":{"rendered":"<p>HAT\u00c1LYOS: 2026. FEBRU\u00c1R 16. 1. MIK AZOK A COOKIE-K (S\u00dcTIK), \u00c9S HOGYAN TUDOD M\u00d3DOS\u00cdTANI A BE\u00c1LL\u00cdT\u00c1SOKAT? A \u201ecookie\u201d-k (tov\u00e1bbiakban: \u201ecookie\u201d [&hellip;]<\/p>\n","protected":false},"author":1,"featured_media":0,"parent":0,"menu_order":0,"comment_status":"closed","ping_status":"closed","template":"elementor_header_footer","meta":{"site-sidebar-layout":"no-sidebar","site-content-layout":"","ast-site-content-layout":"full-width-container","site-content-style":"default","site-sidebar-style":"default","ast-global-header-display":"","ast-banner-title-visibility":"","ast-main-header-display":"","ast-hfb-above-header-display":"","ast-hfb-below-header-display":"","ast-hfb-mobile-header-display":"","site-post-title":"disabled","ast-breadcrumbs-content":"","ast-featured-img":"disabled","footer-sml-layout":"","ast-disable-related-posts":"","theme-transparent-header-meta":"default","adv-header-id-meta":"","stick-header-meta":"","header-above-stick-meta":"","header-main-stick-meta":"","header-below-stick-meta":"","astra-migrate-meta-layouts":"set","ast-page-background-enabled":"default","ast-page-background-meta":{"desktop":{"background-color":"var(--ast-global-color-5)","background-image":"","background-repeat":"repeat","background-position":"center center","background-size":"auto","background-attachment":"scroll","background-type":"","background-media":"","overlay-type":"","overlay-color":"","overlay-opacity":"","overlay-gradient":""},"tablet":{"background-color":"","background-image":"","background-repeat":"repeat","background-position":"center center","background-size":"auto","background-attachment":"scroll","background-type":"","background-media":"","overlay-type":"","overlay-color":"","overlay-opacity":"","overlay-gradient":""},"mobile":{"background-color":"","background-image":"","background-repeat":"repeat","background-position":"center center","background-size":"auto","background-attachment":"scroll","background-type":"","background-media":"","overlay-type":"","overlay-color":"","overlay-opacity":"","overlay-gradient":""}},"ast-content-background-meta":{"desktop":{"background-color":"var(--ast-global-color-4)","background-image":"","background-repeat":"repeat","background-position":"center center","background-size":"auto","background-attachment":"scroll","background-type":"","background-media":"","overlay-type":"","overlay-color":"","overlay-opacity":"","overlay-gradient":""},"tablet":{"background-color":"var(--ast-global-color-4)","background-image":"","background-repeat":"repeat","background-position":"center center","background-size":"auto","background-attachment":"scroll","background-type":"","background-media":"","overlay-type":"","overlay-color":"","overlay-opacity":"","overlay-gradient":""},"mobile":{"background-color":"var(--ast-global-color-4)","background-image":"","background-repeat":"repeat","background-position":"center center","background-size":"auto","background-attachment":"scroll","background-type":"","background-media":"","overlay-type":"","overlay-color":"","overlay-opacity":"","overlay-gradient":""}},"footnotes":""},"class_list":["post-19","page","type-page","status-publish","hentry"],"yoast_head":"<!-- This site is optimized with the Yoast SEO Premium plugin v27.3 (Yoast SEO v27.3) - https:\/\/yoast.com\/product\/yoast-seo-premium-wordpress\/ -->\n<title>Cookie nyilatkozat - Wood2smoke<\/title>\n<meta name=\"description\" content=\"Min\u0151s\u00e9gi, vegyszermentes magyar f\u00fcst\u00f6l\u0151f\u00e1k h\u00fashoz, sajthoz, z\u00f6lds\u00e9ghez. Facsonkok, faapr\u00edt\u00e9kok, BBQ pellet, hidegf\u00fcst\u00f6l\u0151 kell\u00e9kek.\" \/>\n<meta name=\"robots\" content=\"index, follow, max-snippet:-1, max-image-preview:large, max-video-preview:-1\" \/>\n<link rel=\"canonical\" href=\"https:\/\/wood2smoke.eu\/en\/cookie-nyilatkozat\/\" \/>\n<meta property=\"og:locale\" content=\"en_GB\" \/>\n<meta property=\"og:type\" content=\"article\" \/>\n<meta property=\"og:title\" content=\"Cookie nyilatkozat - Wood2smoke\" \/>\n<meta property=\"og:description\" content=\"Min\u0151s\u00e9gi, vegyszermentes magyar f\u00fcst\u00f6l\u0151f\u00e1k h\u00fashoz, sajthoz, z\u00f6lds\u00e9ghez. Facsonkok, faapr\u00edt\u00e9kok, BBQ pellet, hidegf\u00fcst\u00f6l\u0151 kell\u00e9kek.\" \/>\n<meta property=\"og:url\" content=\"https:\/\/wood2smoke.eu\/en\/cookie-nyilatkozat\/\" \/>\n<meta property=\"og:site_name\" content=\"Wood2smoke\" \/>\n<meta property=\"article:publisher\" content=\"https:\/\/www.facebook.com\/wood2smoke\" \/>\n<meta property=\"article:modified_time\" content=\"2026-03-13T07:49:55+00:00\" \/>\n<meta name=\"twitter:card\" content=\"summary_large_image\" \/>\n<meta name=\"twitter:label1\" content=\"Estimated reading time\" \/>\n\t<meta name=\"twitter:data1\" content=\"4 minutes\" \/>\n<script type=\"application\/ld+json\" class=\"yoast-schema-graph\">{\"@context\":\"https:\\\/\\\/schema.org\",\"@graph\":[{\"@type\":\"WebPage\",\"@id\":\"https:\\\/\\\/wood2smoke.eu\\\/cookie-nyilatkozat\\\/\",\"url\":\"https:\\\/\\\/wood2smoke.eu\\\/cookie-nyilatkozat\\\/\",\"name\":\"Cookie nyilatkozat - Wood2smoke\",\"isPartOf\":{\"@id\":\"https:\\\/\\\/wood2smoke.eu\\\/#website\"},\"datePublished\":\"2026-02-09T17:22:19+00:00\",\"dateModified\":\"2026-03-13T07:49:55+00:00\",\"description\":\"Min\u0151s\u00e9gi, vegyszermentes magyar f\u00fcst\u00f6l\u0151f\u00e1k h\u00fashoz, sajthoz, z\u00f6lds\u00e9ghez. Facsonkok, faapr\u00edt\u00e9kok, BBQ pellet, hidegf\u00fcst\u00f6l\u0151 kell\u00e9kek.\",\"breadcrumb\":{\"@id\":\"https:\\\/\\\/wood2smoke.eu\\\/cookie-nyilatkozat\\\/#breadcrumb\"},\"inLanguage\":\"en-GB\",\"potentialAction\":[{\"@type\":\"ReadAction\",\"target\":[\"https:\\\/\\\/wood2smoke.eu\\\/cookie-nyilatkozat\\\/\"]}]},{\"@type\":\"BreadcrumbList\",\"@id\":\"https:\\\/\\\/wood2smoke.eu\\\/cookie-nyilatkozat\\\/#breadcrumb\",\"itemListElement\":[{\"@type\":\"ListItem\",\"position\":1,\"name\":\"Home\",\"item\":\"https:\\\/\\\/wood2smoke.eu\\\/\"},{\"@type\":\"ListItem\",\"position\":2,\"name\":\"Cookie nyilatkozat\"}]},{\"@type\":\"WebSite\",\"@id\":\"https:\\\/\\\/wood2smoke.eu\\\/#website\",\"url\":\"https:\\\/\\\/wood2smoke.eu\\\/\",\"name\":\"Wood2smoke\",\"description\":\"\",\"publisher\":{\"@id\":\"https:\\\/\\\/wood2smoke.eu\\\/#organization\"},\"potentialAction\":[{\"@type\":\"SearchAction\",\"target\":{\"@type\":\"EntryPoint\",\"urlTemplate\":\"https:\\\/\\\/wood2smoke.eu\\\/?s={search_term_string}\"},\"query-input\":{\"@type\":\"PropertyValueSpecification\",\"valueRequired\":true,\"valueName\":\"search_term_string\"}}],\"inLanguage\":\"en-GB\"},{\"@type\":\"Organization\",\"@id\":\"https:\\\/\\\/wood2smoke.eu\\\/#organization\",\"name\":\"Liget GATTER Kft.\",\"url\":\"https:\\\/\\\/wood2smoke.eu\\\/\",\"logo\":{\"@type\":\"ImageObject\",\"inLanguage\":\"en-GB\",\"@id\":\"https:\\\/\\\/wood2smoke.eu\\\/#\\\/schema\\\/logo\\\/image\\\/\",\"url\":\"https:\\\/\\\/wood2smoke.eu\\\/wp-content\\\/uploads\\\/2026\\\/02\\\/wood-to-smoke-logo_inverz-red-b.png\",\"contentUrl\":\"https:\\\/\\\/wood2smoke.eu\\\/wp-content\\\/uploads\\\/2026\\\/02\\\/wood-to-smoke-logo_inverz-red-b.png\",\"width\":600,\"height\":600,\"caption\":\"Liget GATTER Kft.\"},\"image\":{\"@id\":\"https:\\\/\\\/wood2smoke.eu\\\/#\\\/schema\\\/logo\\\/image\\\/\"},\"sameAs\":[\"https:\\\/\\\/www.facebook.com\\\/wood2smoke\",\"https:\\\/\\\/www.instagram.com\\\/wood2smoke\\\/?hl=hu\"]}]}<\/script>\n<!-- \/ Yoast SEO Premium plugin. -->","yoast_head_json":{"title":"Cookie nyilatkozat - Wood2smoke","description":"Min\u0151s\u00e9gi, vegyszermentes magyar f\u00fcst\u00f6l\u0151f\u00e1k h\u00fashoz, sajthoz, z\u00f6lds\u00e9ghez. Facsonkok, faapr\u00edt\u00e9kok, BBQ pellet, hidegf\u00fcst\u00f6l\u0151 kell\u00e9kek.","robots":{"index":"index","follow":"follow","max-snippet":"max-snippet:-1","max-image-preview":"max-image-preview:large","max-video-preview":"max-video-preview:-1"},"canonical":"https:\/\/wood2smoke.eu\/en\/cookie-nyilatkozat\/","og_locale":"en_GB","og_type":"article","og_title":"Cookie nyilatkozat - Wood2smoke","og_description":"Min\u0151s\u00e9gi, vegyszermentes magyar f\u00fcst\u00f6l\u0151f\u00e1k h\u00fashoz, sajthoz, z\u00f6lds\u00e9ghez. Facsonkok, faapr\u00edt\u00e9kok, BBQ pellet, hidegf\u00fcst\u00f6l\u0151 kell\u00e9kek.","og_url":"https:\/\/wood2smoke.eu\/en\/cookie-nyilatkozat\/","og_site_name":"Wood2smoke","article_publisher":"https:\/\/www.facebook.com\/wood2smoke","article_modified_time":"2026-03-13T07:49:55+00:00","twitter_card":"summary_large_image","twitter_misc":{"Estimated reading time":"4 minutes"},"schema":{"@context":"https:\/\/schema.org","@graph":[{"@type":"WebPage","@id":"https:\/\/wood2smoke.eu\/cookie-nyilatkozat\/","url":"https:\/\/wood2smoke.eu\/cookie-nyilatkozat\/","name":"Cookie nyilatkozat - Wood2smoke","isPartOf":{"@id":"https:\/\/wood2smoke.eu\/#website"},"datePublished":"2026-02-09T17:22:19+00:00","dateModified":"2026-03-13T07:49:55+00:00","description":"Min\u0151s\u00e9gi, vegyszermentes magyar f\u00fcst\u00f6l\u0151f\u00e1k h\u00fashoz, sajthoz, z\u00f6lds\u00e9ghez. Facsonkok, faapr\u00edt\u00e9kok, BBQ pellet, hidegf\u00fcst\u00f6l\u0151 kell\u00e9kek.","breadcrumb":{"@id":"https:\/\/wood2smoke.eu\/cookie-nyilatkozat\/#breadcrumb"},"inLanguage":"en-GB","potentialAction":[{"@type":"ReadAction","target":["https:\/\/wood2smoke.eu\/cookie-nyilatkozat\/"]}]},{"@type":"BreadcrumbList","@id":"https:\/\/wood2smoke.eu\/cookie-nyilatkozat\/#breadcrumb","itemListElement":[{"@type":"ListItem","position":1,"name":"Home","item":"https:\/\/wood2smoke.eu\/"},{"@type":"ListItem","position":2,"name":"Cookie nyilatkozat"}]},{"@type":"WebSite","@id":"https:\/\/wood2smoke.eu\/#website","url":"https:\/\/wood2smoke.eu\/","name":"Wood2smoke","description":"","publisher":{"@id":"https:\/\/wood2smoke.eu\/#organization"},"potentialAction":[{"@type":"SearchAction","target":{"@type":"EntryPoint","urlTemplate":"https:\/\/wood2smoke.eu\/?s={search_term_string}"},"query-input":{"@type":"PropertyValueSpecification","valueRequired":true,"valueName":"search_term_string"}}],"inLanguage":"en-GB"},{"@type":"Organization","@id":"https:\/\/wood2smoke.eu\/#organization","name":"Liget GATTER Ltd.","url":"https:\/\/wood2smoke.eu\/","logo":{"@type":"ImageObject","inLanguage":"en-GB","@id":"https:\/\/wood2smoke.eu\/#\/schema\/logo\/image\/","url":"https:\/\/wood2smoke.eu\/wp-content\/uploads\/2026\/02\/wood-to-smoke-logo_inverz-red-b.png","contentUrl":"https:\/\/wood2smoke.eu\/wp-content\/uploads\/2026\/02\/wood-to-smoke-logo_inverz-red-b.png","width":600,"height":600,"caption":"Liget GATTER Kft."},"image":{"@id":"https:\/\/wood2smoke.eu\/#\/schema\/logo\/image\/"},"sameAs":["https:\/\/www.facebook.com\/wood2smoke","https:\/\/www.instagram.com\/wood2smoke\/?hl=hu"]}]}},"_links":{"self":[{"href":"https:\/\/wood2smoke.eu\/en\/wp-json\/wp\/v2\/pages\/19","targetHints":{"allow":["GET"]}}],"collection":[{"href":"https:\/\/wood2smoke.eu\/en\/wp-json\/wp\/v2\/pages"}],"about":[{"href":"https:\/\/wood2smoke.eu\/en\/wp-json\/wp\/v2\/types\/page"}],"author":[{"embeddable":true,"href":"https:\/\/wood2smoke.eu\/en\/wp-json\/wp\/v2\/users\/1"}],"replies":[{"embeddable":true,"href":"https:\/\/wood2smoke.eu\/en\/wp-json\/wp\/v2\/comments?post=19"}],"version-history":[{"count":0,"href":"https:\/\/wood2smoke.eu\/en\/wp-json\/wp\/v2\/pages\/19\/revisions"}],"wp:attachment":[{"href":"https:\/\/wood2smoke.eu\/en\/wp-json\/wp\/v2\/media?parent=19"}],"curies":[{"name":"wp","href":"https:\/\/api.w.org\/{rel}","templated":true}]}}