{"id":230,"date":"2026-02-13T09:40:53","date_gmt":"2026-02-13T09:40:53","guid":{"rendered":"https:\/\/wood2smoke.eu\/?post_type=product&#038;p=230"},"modified":"2026-02-24T14:33:56","modified_gmt":"2026-02-24T14:33:56","slug":"bukk-faapritek","status":"publish","type":"product","link":"https:\/\/wood2smoke.eu\/en\/product\/bukk-faapritek\/","title":{"rendered":"Beech Wood Chips"},"content":{"rendered":"<p>A universal incense wood that can be used with almost any material due to its silky, soft flavor. An excellent base wood, balanced on its own, and blends well with other incense woods.<\/p>\n<p>Smoke color: light gray tone<br \/>\nFlavor profile: slightly smoky, soft, silky, reminiscent of vanilla<\/p>\n<p>What do we recommend it with? poultry, beef, pork, game, fish, vegetables, cheeses<br \/>\nThe recommendations are indicative and based on individual references, and trying your own variations is highly recommended.<\/p>\n<p>Available packages: 3kg, 3kg<\/p>","protected":false},"excerpt":{"rendered":"<p><img decoding=\"async\" class=\"alignnone wp-image-536\" src=\"https:\/\/wood2smoke.eu\/wp-content\/uploads\/2026\/02\/chicky_w.png\" alt=\"csirke ikon\" width=\"30\" height=\"30\" \/> <img decoding=\"async\" class=\"alignnone wp-image-537\" src=\"https:\/\/wood2smoke.eu\/wp-content\/uploads\/2026\/02\/cowy_w.png\" alt=\"marha ikon\" width=\"30\" height=\"30\" \/> <img decoding=\"async\" class=\"alignnone wp-image-540\" src=\"https:\/\/wood2smoke.eu\/wp-content\/uploads\/2026\/02\/piggy_w.png\" alt=\"sert\u00e9s ikon\" width=\"30\" height=\"30\" \/> <img loading=\"lazy\" decoding=\"async\" class=\"alignnone wp-image-538\" src=\"https:\/\/wood2smoke.eu\/wp-content\/uploads\/2026\/02\/deery_w.png\" alt=\"szarvas ikon\" width=\"30\" height=\"30\" \/> <img loading=\"lazy\" decoding=\"async\" class=\"alignnone wp-image-539\" src=\"https:\/\/wood2smoke.eu\/wp-content\/uploads\/2026\/02\/fishy_w.png\" alt=\"hal ikon\" width=\"30\" height=\"30\" \/> <img loading=\"lazy\" decoding=\"async\" class=\"alignnone wp-image-541\" src=\"https:\/\/wood2smoke.eu\/wp-content\/uploads\/2026\/02\/veggie_w.png\" alt=\"z\u00f6lds\u00e9g ikon\" width=\"30\" height=\"30\" \/> <img loading=\"lazy\" decoding=\"async\" class=\"alignnone wp-image-535\" src=\"https:\/\/wood2smoke.eu\/wp-content\/uploads\/2026\/02\/cheesy_w.png\" alt=\"sajt ikon\" width=\"30\" height=\"30\" \/> <img loading=\"lazy\" decoding=\"async\" class=\"alignnone wp-image-547\" src=\"https:\/\/wood2smoke.eu\/wp-content\/uploads\/2026\/02\/empty_w.png\" alt=\"\" width=\"30\" height=\"30\" \/><br \/>\n<span class=\"fustszin\"><img loading=\"lazy\" decoding=\"async\" class=\"alignnone wp-image-312\" src=\"https:\/\/wood2smoke.eu\/wp-content\/uploads\/2026\/02\/wood2smoke_fire.png\" alt=\"f\u00fcst t\u00f3nus ikon\" width=\"15\" height=\"15\" \/> light gray tone<\/span><br \/>\n<span class=\"izprofil\"> slightly smoky, soft, silky, reminiscent of vanilla<\/span><\/p>","protected":false},"featured_media":132,"comment_status":"open","ping_status":"closed","template":"","meta":{"site-sidebar-layout":"default","site-content-layout":"","ast-site-content-layout":"default","site-content-style":"default","site-sidebar-style":"default","ast-global-header-display":"","ast-banner-title-visibility":"","ast-main-header-display":"","ast-hfb-above-header-display":"","ast-hfb-below-header-display":"","ast-hfb-mobile-header-display":"","site-post-title":"","ast-breadcrumbs-content":"","ast-featured-img":"","footer-sml-layout":"","ast-disable-related-posts":"","theme-transparent-header-meta":"default","adv-header-id-meta":"","stick-header-meta":"","header-above-stick-meta":"","header-main-stick-meta":"","header-below-stick-meta":"","astra-migrate-meta-layouts":"set","ast-page-background-enabled":"default","ast-page-background-meta":{"desktop":{"background-color":"var(--ast-global-color-5)","background-image":"","background-repeat":"repeat","background-position":"center center","background-size":"auto","background-attachment":"scroll","background-type":"","background-media":"","overlay-type":"","overlay-color":"","overlay-opacity":"","overlay-gradient":""},"tablet":{"background-color":"","background-image":"","background-repeat":"repeat","background-position":"center center","background-size":"auto","background-attachment":"scroll","background-type":"","background-media":"","overlay-type":"","overlay-color":"","overlay-opacity":"","overlay-gradient":""},"mobile":{"background-color":"","background-image":"","background-repeat":"repeat","background-position":"center center","background-size":"auto","background-attachment":"scroll","background-type":"","background-media":"","overlay-type":"","overlay-color":"","overlay-opacity":"","overlay-gradient":""}},"ast-content-background-meta":{"desktop":{"background-color":"var(--ast-global-color-4)","background-image":"","background-repeat":"repeat","background-position":"center center","background-size":"auto","background-attachment":"scroll","background-type":"","background-media":"","overlay-type":"","overlay-color":"","overlay-opacity":"","overlay-gradient":""},"tablet":{"background-color":"var(--ast-global-color-4)","background-image":"","background-repeat":"repeat","background-position":"center center","background-size":"auto","background-attachment":"scroll","background-type":"","background-media":"","overlay-type":"","overlay-color":"","overlay-opacity":"","overlay-gradient":""},"mobile":{"background-color":"var(--ast-global-color-4)","background-image":"","background-repeat":"repeat","background-position":"center center","background-size":"auto","background-attachment":"scroll","background-type":"","background-media":"","overlay-type":"","overlay-color":"","overlay-opacity":"","overlay-gradient":""}}},"product_brand":[],"product_cat":[34,22],"product_tag":[],"class_list":{"0":"post-230","1":"product","2":"type-product","3":"status-publish","4":"has-post-thumbnail","6":"product_cat-fustolofak","7":"product_cat-faapritekok","8":"desktop-align-left","9":"tablet-align-left","10":"mobile-align-left","12":"first","13":"instock","14":"taxable","15":"shipping-taxable","16":"purchasable","17":"product-type-simple"},"bundled_by":[],"bundle_stock_status":"instock","bundle_stock_quantity":null,"bundle_virtual":false,"bundle_layout":"","bundle_add_to_cart_form_location":"","bundle_editable_in_cart":false,"bundle_sold_individually_context":"","bundle_item_grouping":"","bundle_min_size":"","bundle_max_size":"","bundle_price":[],"bundled_items":[],"bundle_sell_ids":[],"yoast_head":"<!-- This site is optimized with the Yoast SEO Premium plugin v27.3 (Yoast SEO v27.3) - https:\/\/yoast.com\/product\/yoast-seo-premium-wordpress\/ -->\n<title>B\u00fckk Faapr\u00edt\u00e9k - Wood2smoke<\/title>\n<meta name=\"robots\" content=\"index, follow, max-snippet:-1, max-image-preview:large, max-video-preview:-1\" \/>\n<link rel=\"canonical\" href=\"https:\/\/wood2smoke.eu\/en\/product\/bukk-faapritek\/\" \/>\n<meta property=\"og:locale\" content=\"en_GB\" \/>\n<meta property=\"og:type\" content=\"article\" \/>\n<meta property=\"og:title\" content=\"B\u00fckk Faapr\u00edt\u00e9k\" \/>\n<meta property=\"og:description\" content=\"halv\u00e1nysz\u00fcrke t\u00f3nus  enyh\u00e9n f\u00fcst\u00f6s, l\u00e1gy, selymes, van\u00edli\u00e1ra eml\u00e9keztet\u0151\" \/>\n<meta property=\"og:url\" content=\"https:\/\/wood2smoke.eu\/en\/product\/bukk-faapritek\/\" \/>\n<meta property=\"og:site_name\" content=\"Wood2smoke\" \/>\n<meta property=\"article:publisher\" content=\"https:\/\/www.facebook.com\/wood2smoke\" \/>\n<meta property=\"article:modified_time\" content=\"2026-02-24T14:33:56+00:00\" \/>\n<meta property=\"og:image\" content=\"https:\/\/wood2smoke.eu\/wp-content\/uploads\/2026\/02\/faapritek-bukk.jpg\" \/>\n\t<meta property=\"og:image:width\" content=\"1024\" \/>\n\t<meta property=\"og:image:height\" content=\"1024\" \/>\n\t<meta property=\"og:image:type\" content=\"image\/jpeg\" \/>\n<meta name=\"twitter:card\" content=\"summary_large_image\" \/>\n<meta name=\"twitter:label1\" content=\"Price\" \/>\n\t<meta name=\"twitter:data1\" content=\"3800&nbsp;&#070;&#116;\" \/>\n\t<meta name=\"twitter:label2\" content=\"Availability\" \/>\n\t<meta name=\"twitter:data2\" content=\"In stock\" \/>\n<script type=\"application\/ld+json\" class=\"yoast-schema-graph\">{\"@context\":\"https:\\\/\\\/schema.org\",\"@graph\":[{\"@type\":[\"WebPage\",\"ItemPage\"],\"@id\":\"https:\\\/\\\/wood2smoke.eu\\\/termek\\\/bukk-faapritek\\\/\",\"url\":\"https:\\\/\\\/wood2smoke.eu\\\/termek\\\/bukk-faapritek\\\/\",\"name\":\"B\u00fckk Faapr\u00edt\u00e9k - Wood2smoke\",\"isPartOf\":{\"@id\":\"https:\\\/\\\/wood2smoke.eu\\\/#website\"},\"primaryImageOfPage\":{\"@id\":\"https:\\\/\\\/wood2smoke.eu\\\/termek\\\/bukk-faapritek\\\/#primaryimage\"},\"image\":{\"@id\":\"https:\\\/\\\/wood2smoke.eu\\\/termek\\\/bukk-faapritek\\\/#primaryimage\"},\"thumbnailUrl\":\"https:\\\/\\\/wood2smoke.eu\\\/wp-content\\\/uploads\\\/2026\\\/02\\\/faapritek-bukk.jpg\",\"datePublished\":\"2026-02-13T09:40:53+00:00\",\"dateModified\":\"2026-02-24T14:33:56+00:00\",\"breadcrumb\":{\"@id\":\"https:\\\/\\\/wood2smoke.eu\\\/termek\\\/bukk-faapritek\\\/#breadcrumb\"},\"inLanguage\":\"en-GB\",\"potentialAction\":[{\"@type\":\"ReadAction\",\"target\":[\"https:\\\/\\\/wood2smoke.eu\\\/termek\\\/bukk-faapritek\\\/\"]}]},{\"@type\":\"ImageObject\",\"inLanguage\":\"en-GB\",\"@id\":\"https:\\\/\\\/wood2smoke.eu\\\/termek\\\/bukk-faapritek\\\/#primaryimage\",\"url\":\"https:\\\/\\\/wood2smoke.eu\\\/wp-content\\\/uploads\\\/2026\\\/02\\\/faapritek-bukk.jpg\",\"contentUrl\":\"https:\\\/\\\/wood2smoke.eu\\\/wp-content\\\/uploads\\\/2026\\\/02\\\/faapritek-bukk.jpg\",\"width\":1024,\"height\":1024},{\"@type\":\"BreadcrumbList\",\"@id\":\"https:\\\/\\\/wood2smoke.eu\\\/termek\\\/bukk-faapritek\\\/#breadcrumb\",\"itemListElement\":[{\"@type\":\"ListItem\",\"position\":1,\"name\":\"Home\",\"item\":\"https:\\\/\\\/wood2smoke.eu\\\/\"},{\"@type\":\"ListItem\",\"position\":2,\"name\":\"Term\u00e9kek\",\"item\":\"https:\\\/\\\/wood2smoke.eu\\\/uzlet\\\/\"},{\"@type\":\"ListItem\",\"position\":3,\"name\":\"B\u00fckk Faapr\u00edt\u00e9k\"}]},{\"@type\":\"WebSite\",\"@id\":\"https:\\\/\\\/wood2smoke.eu\\\/#website\",\"url\":\"https:\\\/\\\/wood2smoke.eu\\\/\",\"name\":\"Wood2smoke\",\"description\":\"\",\"publisher\":{\"@id\":\"https:\\\/\\\/wood2smoke.eu\\\/#organization\"},\"potentialAction\":[{\"@type\":\"SearchAction\",\"target\":{\"@type\":\"EntryPoint\",\"urlTemplate\":\"https:\\\/\\\/wood2smoke.eu\\\/?s={search_term_string}\"},\"query-input\":{\"@type\":\"PropertyValueSpecification\",\"valueRequired\":true,\"valueName\":\"search_term_string\"}}],\"inLanguage\":\"en-GB\"},{\"@type\":\"Organization\",\"@id\":\"https:\\\/\\\/wood2smoke.eu\\\/#organization\",\"name\":\"Liget GATTER Kft.\",\"url\":\"https:\\\/\\\/wood2smoke.eu\\\/\",\"logo\":{\"@type\":\"ImageObject\",\"inLanguage\":\"en-GB\",\"@id\":\"https:\\\/\\\/wood2smoke.eu\\\/#\\\/schema\\\/logo\\\/image\\\/\",\"url\":\"https:\\\/\\\/wood2smoke.eu\\\/wp-content\\\/uploads\\\/2026\\\/02\\\/wood-to-smoke-logo_inverz-red-b.png\",\"contentUrl\":\"https:\\\/\\\/wood2smoke.eu\\\/wp-content\\\/uploads\\\/2026\\\/02\\\/wood-to-smoke-logo_inverz-red-b.png\",\"width\":600,\"height\":600,\"caption\":\"Liget GATTER Kft.\"},\"image\":{\"@id\":\"https:\\\/\\\/wood2smoke.eu\\\/#\\\/schema\\\/logo\\\/image\\\/\"},\"sameAs\":[\"https:\\\/\\\/www.facebook.com\\\/wood2smoke\",\"https:\\\/\\\/www.instagram.com\\\/wood2smoke\\\/?hl=hu\"]}]}<\/script>\n<meta property=\"product:price:amount\" content=\"3800\" \/>\n<meta property=\"product:price:currency\" content=\"HUF\" \/>\n<meta property=\"og:availability\" content=\"instock\" \/>\n<meta property=\"product:availability\" content=\"instock\" \/>\n<meta property=\"product:condition\" content=\"new\" \/>\n<!-- \/ Yoast SEO Premium plugin. -->","yoast_head_json":{"title":"B\u00fckk Faapr\u00edt\u00e9k - Wood2smoke","robots":{"index":"index","follow":"follow","max-snippet":"max-snippet:-1","max-image-preview":"max-image-preview:large","max-video-preview":"max-video-preview:-1"},"canonical":"https:\/\/wood2smoke.eu\/en\/product\/bukk-faapritek\/","og_locale":"en_GB","og_type":"article","og_title":"B\u00fckk Faapr\u00edt\u00e9k","og_description":"halv\u00e1nysz\u00fcrke t\u00f3nus  enyh\u00e9n f\u00fcst\u00f6s, l\u00e1gy, selymes, van\u00edli\u00e1ra eml\u00e9keztet\u0151","og_url":"https:\/\/wood2smoke.eu\/en\/product\/bukk-faapritek\/","og_site_name":"Wood2smoke","article_publisher":"https:\/\/www.facebook.com\/wood2smoke","article_modified_time":"2026-02-24T14:33:56+00:00","og_image":[{"width":1024,"height":1024,"url":"https:\/\/wood2smoke.eu\/wp-content\/uploads\/2026\/02\/faapritek-bukk.jpg","type":"image\/jpeg"}],"twitter_card":"summary_large_image","twitter_misc":{"Price":"3800&nbsp;&#70;&#116;","Availability":"In stock"},"schema":{"@context":"https:\/\/schema.org","@graph":[{"@type":["WebPage","ItemPage"],"@id":"https:\/\/wood2smoke.eu\/termek\/bukk-faapritek\/","url":"https:\/\/wood2smoke.eu\/termek\/bukk-faapritek\/","name":"B\u00fckk Faapr\u00edt\u00e9k - Wood2smoke","isPartOf":{"@id":"https:\/\/wood2smoke.eu\/#website"},"primaryImageOfPage":{"@id":"https:\/\/wood2smoke.eu\/termek\/bukk-faapritek\/#primaryimage"},"image":{"@id":"https:\/\/wood2smoke.eu\/termek\/bukk-faapritek\/#primaryimage"},"thumbnailUrl":"https:\/\/wood2smoke.eu\/wp-content\/uploads\/2026\/02\/faapritek-bukk.jpg","datePublished":"2026-02-13T09:40:53+00:00","dateModified":"2026-02-24T14:33:56+00:00","breadcrumb":{"@id":"https:\/\/wood2smoke.eu\/termek\/bukk-faapritek\/#breadcrumb"},"inLanguage":"en-GB","potentialAction":[{"@type":"ReadAction","target":["https:\/\/wood2smoke.eu\/termek\/bukk-faapritek\/"]}]},{"@type":"ImageObject","inLanguage":"en-GB","@id":"https:\/\/wood2smoke.eu\/termek\/bukk-faapritek\/#primaryimage","url":"https:\/\/wood2smoke.eu\/wp-content\/uploads\/2026\/02\/faapritek-bukk.jpg","contentUrl":"https:\/\/wood2smoke.eu\/wp-content\/uploads\/2026\/02\/faapritek-bukk.jpg","width":1024,"height":1024},{"@type":"BreadcrumbList","@id":"https:\/\/wood2smoke.eu\/termek\/bukk-faapritek\/#breadcrumb","itemListElement":[{"@type":"ListItem","position":1,"name":"Home","item":"https:\/\/wood2smoke.eu\/"},{"@type":"ListItem","position":2,"name":"Term\u00e9kek","item":"https:\/\/wood2smoke.eu\/uzlet\/"},{"@type":"ListItem","position":3,"name":"B\u00fckk Faapr\u00edt\u00e9k"}]},{"@type":"WebSite","@id":"https:\/\/wood2smoke.eu\/#website","url":"https:\/\/wood2smoke.eu\/","name":"Wood2smoke","description":"","publisher":{"@id":"https:\/\/wood2smoke.eu\/#organization"},"potentialAction":[{"@type":"SearchAction","target":{"@type":"EntryPoint","urlTemplate":"https:\/\/wood2smoke.eu\/?s={search_term_string}"},"query-input":{"@type":"PropertyValueSpecification","valueRequired":true,"valueName":"search_term_string"}}],"inLanguage":"en-GB"},{"@type":"Organization","@id":"https:\/\/wood2smoke.eu\/#organization","name":"Liget GATTER Ltd.","url":"https:\/\/wood2smoke.eu\/","logo":{"@type":"ImageObject","inLanguage":"en-GB","@id":"https:\/\/wood2smoke.eu\/#\/schema\/logo\/image\/","url":"https:\/\/wood2smoke.eu\/wp-content\/uploads\/2026\/02\/wood-to-smoke-logo_inverz-red-b.png","contentUrl":"https:\/\/wood2smoke.eu\/wp-content\/uploads\/2026\/02\/wood-to-smoke-logo_inverz-red-b.png","width":600,"height":600,"caption":"Liget GATTER Kft."},"image":{"@id":"https:\/\/wood2smoke.eu\/#\/schema\/logo\/image\/"},"sameAs":["https:\/\/www.facebook.com\/wood2smoke","https:\/\/www.instagram.com\/wood2smoke\/?hl=hu"]}]},"product_price_amount":"3800","product_price_currency":"HUF","og_availability":"instock","product_availability":"instock","product_condition":"new"},"_links":{"self":[{"href":"https:\/\/wood2smoke.eu\/en\/wp-json\/wp\/v2\/product\/230","targetHints":{"allow":["GET"]}}],"collection":[{"href":"https:\/\/wood2smoke.eu\/en\/wp-json\/wp\/v2\/product"}],"about":[{"href":"https:\/\/wood2smoke.eu\/en\/wp-json\/wp\/v2\/types\/product"}],"replies":[{"embeddable":true,"href":"https:\/\/wood2smoke.eu\/en\/wp-json\/wp\/v2\/comments?post=230"}],"wp:featuredmedia":[{"embeddable":true,"href":"https:\/\/wood2smoke.eu\/en\/wp-json\/wp\/v2\/media\/132"}],"wp:attachment":[{"href":"https:\/\/wood2smoke.eu\/en\/wp-json\/wp\/v2\/media?parent=230"}],"wp:term":[{"taxonomy":"product_brand","embeddable":true,"href":"https:\/\/wood2smoke.eu\/en\/wp-json\/wp\/v2\/product_brand?post=230"},{"taxonomy":"product_cat","embeddable":true,"href":"https:\/\/wood2smoke.eu\/en\/wp-json\/wp\/v2\/product_cat?post=230"},{"taxonomy":"product_tag","embeddable":true,"href":"https:\/\/wood2smoke.eu\/en\/wp-json\/wp\/v2\/product_tag?post=230"}],"curies":[{"name":"wp","href":"https:\/\/api.w.org\/{rel}","templated":true}]}}