{"id":310,"date":"2026-02-13T11:41:30","date_gmt":"2026-02-13T11:41:30","guid":{"rendered":"https:\/\/wood2smoke.eu\/?post_type=product&#038;p=310"},"modified":"2026-03-10T09:59:53","modified_gmt":"2026-03-10T09:59:53","slug":"bukk-0-3-mm-faapritek-fureszpor-25-kg","status":"publish","type":"product","link":"https:\/\/wood2smoke.eu\/en\/product\/bukk-0-3-mm-faapritek-fureszpor-25-kg\/","title":{"rendered":"Beech 0-3 mm wood chips (sawdust) 25 kg"},"content":{"rendered":"<p>Our premium, dust- and bark-free, extremely dry, graded beech wood chips can be used for both hobby and industrial smokers. It is even available in pallets, but if you only need one bag, that is no problem. One bag weighs approx. 25 kg, its volume is nearly 100 liters, so it will last a long time. For traditional smoking, 0-3 mm is recommended, for automatic and industrial smokers, 4-5, 4-10, 6-10 mm. Shipping fee for orders over 1 bag requires an individual calculation, or you can pick it up in person at our location during opening hours.<\/p>","protected":false},"excerpt":{"rendered":"<p>Pr\u00e9mium, por- \u00e9s k\u00e9regmentes, rendk\u00edv\u00fcl sz\u00e1raz, oszt\u00e1lyozott b\u00fckkfa apr\u00edt\u00e9kunk hobbi \u00e9s ipari f\u00fcst\u00f6l\u0151kh\u00f6z egyar\u00e1nt haszn\u00e1lhat\u00f3. Ak\u00e1r raklap t\u00e9telben is el\u00e9rhet\u0151, [&hellip;]<\/p>\n","protected":false},"featured_media":102,"comment_status":"open","ping_status":"closed","template":"","meta":{"site-sidebar-layout":"default","site-content-layout":"","ast-site-content-layout":"default","site-content-style":"default","site-sidebar-style":"default","ast-global-header-display":"","ast-banner-title-visibility":"","ast-main-header-display":"","ast-hfb-above-header-display":"","ast-hfb-below-header-display":"","ast-hfb-mobile-header-display":"","site-post-title":"","ast-breadcrumbs-content":"","ast-featured-img":"","footer-sml-layout":"","ast-disable-related-posts":"","theme-transparent-header-meta":"default","adv-header-id-meta":"","stick-header-meta":"","header-above-stick-meta":"","header-main-stick-meta":"","header-below-stick-meta":"","astra-migrate-meta-layouts":"set","ast-page-background-enabled":"default","ast-page-background-meta":{"desktop":{"background-color":"var(--ast-global-color-5)","background-image":"","background-repeat":"repeat","background-position":"center center","background-size":"auto","background-attachment":"scroll","background-type":"","background-media":"","overlay-type":"","overlay-color":"","overlay-opacity":"","overlay-gradient":""},"tablet":{"background-color":"","background-image":"","background-repeat":"repeat","background-position":"center center","background-size":"auto","background-attachment":"scroll","background-type":"","background-media":"","overlay-type":"","overlay-color":"","overlay-opacity":"","overlay-gradient":""},"mobile":{"background-color":"","background-image":"","background-repeat":"repeat","background-position":"center center","background-size":"auto","background-attachment":"scroll","background-type":"","background-media":"","overlay-type":"","overlay-color":"","overlay-opacity":"","overlay-gradient":""}},"ast-content-background-meta":{"desktop":{"background-color":"var(--ast-global-color-4)","background-image":"","background-repeat":"repeat","background-position":"center center","background-size":"auto","background-attachment":"scroll","background-type":"","background-media":"","overlay-type":"","overlay-color":"","overlay-opacity":"","overlay-gradient":""},"tablet":{"background-color":"var(--ast-global-color-4)","background-image":"","background-repeat":"repeat","background-position":"center center","background-size":"auto","background-attachment":"scroll","background-type":"","background-media":"","overlay-type":"","overlay-color":"","overlay-opacity":"","overlay-gradient":""},"mobile":{"background-color":"var(--ast-global-color-4)","background-image":"","background-repeat":"repeat","background-position":"center center","background-size":"auto","background-attachment":"scroll","background-type":"","background-media":"","overlay-type":"","overlay-color":"","overlay-opacity":"","overlay-gradient":""}}},"product_brand":[],"product_cat":[25],"product_tag":[],"class_list":{"0":"post-310","1":"product","2":"type-product","3":"status-publish","4":"has-post-thumbnail","6":"product_cat-hidegfustoleshez","7":"desktop-align-left","8":"tablet-align-left","9":"mobile-align-left","11":"first","12":"instock","13":"taxable","14":"shipping-taxable","15":"purchasable","16":"product-type-simple"},"bundled_by":[],"bundle_stock_status":"instock","bundle_stock_quantity":null,"bundle_virtual":false,"bundle_layout":"","bundle_add_to_cart_form_location":"","bundle_editable_in_cart":false,"bundle_sold_individually_context":"","bundle_item_grouping":"","bundle_min_size":"","bundle_max_size":"","bundle_price":[],"bundled_items":[],"bundle_sell_ids":[],"yoast_head":"<!-- This site is optimized with the Yoast SEO Premium plugin v27.3 (Yoast SEO v27.3) - https:\/\/yoast.com\/product\/yoast-seo-premium-wordpress\/ -->\n<title>B\u00fckk 0-3 mm faapr\u00edt\u00e9k (f\u0171r\u00e9szpor) 25 kg - Wood2smoke<\/title>\n<meta name=\"robots\" content=\"index, follow, max-snippet:-1, max-image-preview:large, max-video-preview:-1\" \/>\n<link rel=\"canonical\" href=\"https:\/\/wood2smoke.eu\/en\/product\/bukk-0-3-mm-faapritek-fureszpor-25-kg\/\" \/>\n<meta property=\"og:locale\" content=\"en_GB\" \/>\n<meta property=\"og:type\" content=\"article\" \/>\n<meta property=\"og:title\" content=\"B\u00fckk 0-3 mm faapr\u00edt\u00e9k (f\u0171r\u00e9szpor) 25 kg\" \/>\n<meta property=\"og:description\" content=\"Pr\u00e9mium, por- \u00e9s k\u00e9regmentes, rendk\u00edv\u00fcl sz\u00e1raz, oszt\u00e1lyozott b\u00fckkfa apr\u00edt\u00e9kunk hobbi \u00e9s ipari f\u00fcst\u00f6l\u0151kh\u00f6z egyar\u00e1nt haszn\u00e1lhat\u00f3. Ak\u00e1r raklap t\u00e9telben is el\u00e9rhet\u0151, [&hellip;]\" \/>\n<meta property=\"og:url\" content=\"https:\/\/wood2smoke.eu\/en\/product\/bukk-0-3-mm-faapritek-fureszpor-25-kg\/\" \/>\n<meta property=\"og:site_name\" content=\"Wood2smoke\" \/>\n<meta property=\"article:publisher\" content=\"https:\/\/www.facebook.com\/wood2smoke\" \/>\n<meta property=\"article:modified_time\" content=\"2026-03-10T09:59:53+00:00\" \/>\n<meta name=\"twitter:card\" content=\"summary_large_image\" \/>\n<meta name=\"twitter:label1\" content=\"Price\" \/>\n\t<meta name=\"twitter:data1\" content=\"12225&nbsp;&#070;&#116;\" \/>\n\t<meta name=\"twitter:label2\" content=\"Availability\" \/>\n\t<meta name=\"twitter:data2\" content=\"In stock\" \/>\n<script type=\"application\/ld+json\" class=\"yoast-schema-graph\">{\"@context\":\"https:\\\/\\\/schema.org\",\"@graph\":[{\"@type\":[\"WebPage\",\"ItemPage\"],\"@id\":\"https:\\\/\\\/wood2smoke.eu\\\/termek\\\/bukk-0-3-mm-faapritek-fureszpor-25-kg\\\/\",\"url\":\"https:\\\/\\\/wood2smoke.eu\\\/termek\\\/bukk-0-3-mm-faapritek-fureszpor-25-kg\\\/\",\"name\":\"B\u00fckk 0-3 mm faapr\u00edt\u00e9k (f\u0171r\u00e9szpor) 25 kg - Wood2smoke\",\"isPartOf\":{\"@id\":\"https:\\\/\\\/wood2smoke.eu\\\/#website\"},\"primaryImageOfPage\":{\"@id\":\"https:\\\/\\\/wood2smoke.eu\\\/termek\\\/bukk-0-3-mm-faapritek-fureszpor-25-kg\\\/#primaryimage\"},\"image\":{\"@id\":\"https:\\\/\\\/wood2smoke.eu\\\/termek\\\/bukk-0-3-mm-faapritek-fureszpor-25-kg\\\/#primaryimage\"},\"thumbnailUrl\":\"https:\\\/\\\/wood2smoke.eu\\\/wp-content\\\/uploads\\\/2026\\\/02\\\/faapritek-0-3mm.jpg\",\"datePublished\":\"2026-02-13T11:41:30+00:00\",\"dateModified\":\"2026-03-10T09:59:53+00:00\",\"breadcrumb\":{\"@id\":\"https:\\\/\\\/wood2smoke.eu\\\/termek\\\/bukk-0-3-mm-faapritek-fureszpor-25-kg\\\/#breadcrumb\"},\"inLanguage\":\"en-GB\",\"potentialAction\":[{\"@type\":\"ReadAction\",\"target\":[\"https:\\\/\\\/wood2smoke.eu\\\/termek\\\/bukk-0-3-mm-faapritek-fureszpor-25-kg\\\/\"]}]},{\"@type\":\"ImageObject\",\"inLanguage\":\"en-GB\",\"@id\":\"https:\\\/\\\/wood2smoke.eu\\\/termek\\\/bukk-0-3-mm-faapritek-fureszpor-25-kg\\\/#primaryimage\",\"url\":\"https:\\\/\\\/wood2smoke.eu\\\/wp-content\\\/uploads\\\/2026\\\/02\\\/faapritek-0-3mm.jpg\",\"contentUrl\":\"https:\\\/\\\/wood2smoke.eu\\\/wp-content\\\/uploads\\\/2026\\\/02\\\/faapritek-0-3mm.jpg\",\"width\":1024,\"height\":1024},{\"@type\":\"BreadcrumbList\",\"@id\":\"https:\\\/\\\/wood2smoke.eu\\\/termek\\\/bukk-0-3-mm-faapritek-fureszpor-25-kg\\\/#breadcrumb\",\"itemListElement\":[{\"@type\":\"ListItem\",\"position\":1,\"name\":\"Home\",\"item\":\"https:\\\/\\\/wood2smoke.eu\\\/\"},{\"@type\":\"ListItem\",\"position\":2,\"name\":\"Term\u00e9kek\",\"item\":\"https:\\\/\\\/wood2smoke.eu\\\/uzlet\\\/\"},{\"@type\":\"ListItem\",\"position\":3,\"name\":\"B\u00fckk 0-3 mm faapr\u00edt\u00e9k (f\u0171r\u00e9szpor) 25 kg\"}]},{\"@type\":\"WebSite\",\"@id\":\"https:\\\/\\\/wood2smoke.eu\\\/#website\",\"url\":\"https:\\\/\\\/wood2smoke.eu\\\/\",\"name\":\"Wood2smoke\",\"description\":\"\",\"publisher\":{\"@id\":\"https:\\\/\\\/wood2smoke.eu\\\/#organization\"},\"potentialAction\":[{\"@type\":\"SearchAction\",\"target\":{\"@type\":\"EntryPoint\",\"urlTemplate\":\"https:\\\/\\\/wood2smoke.eu\\\/?s={search_term_string}\"},\"query-input\":{\"@type\":\"PropertyValueSpecification\",\"valueRequired\":true,\"valueName\":\"search_term_string\"}}],\"inLanguage\":\"en-GB\"},{\"@type\":\"Organization\",\"@id\":\"https:\\\/\\\/wood2smoke.eu\\\/#organization\",\"name\":\"Liget GATTER Kft.\",\"url\":\"https:\\\/\\\/wood2smoke.eu\\\/\",\"logo\":{\"@type\":\"ImageObject\",\"inLanguage\":\"en-GB\",\"@id\":\"https:\\\/\\\/wood2smoke.eu\\\/#\\\/schema\\\/logo\\\/image\\\/\",\"url\":\"https:\\\/\\\/wood2smoke.eu\\\/wp-content\\\/uploads\\\/2026\\\/02\\\/wood-to-smoke-logo_inverz-red-b.png\",\"contentUrl\":\"https:\\\/\\\/wood2smoke.eu\\\/wp-content\\\/uploads\\\/2026\\\/02\\\/wood-to-smoke-logo_inverz-red-b.png\",\"width\":600,\"height\":600,\"caption\":\"Liget GATTER Kft.\"},\"image\":{\"@id\":\"https:\\\/\\\/wood2smoke.eu\\\/#\\\/schema\\\/logo\\\/image\\\/\"},\"sameAs\":[\"https:\\\/\\\/www.facebook.com\\\/wood2smoke\",\"https:\\\/\\\/www.instagram.com\\\/wood2smoke\\\/?hl=hu\"]}]}<\/script>\n<meta property=\"product:price:amount\" content=\"12225\" \/>\n<meta property=\"product:price:currency\" content=\"HUF\" \/>\n<meta property=\"og:availability\" content=\"instock\" \/>\n<meta property=\"product:availability\" content=\"instock\" \/>\n<meta property=\"product:condition\" content=\"new\" \/>\n<!-- \/ Yoast SEO Premium plugin. -->","yoast_head_json":{"title":"B\u00fckk 0-3 mm faapr\u00edt\u00e9k (f\u0171r\u00e9szpor) 25 kg - Wood2smoke","robots":{"index":"index","follow":"follow","max-snippet":"max-snippet:-1","max-image-preview":"max-image-preview:large","max-video-preview":"max-video-preview:-1"},"canonical":"https:\/\/wood2smoke.eu\/en\/product\/bukk-0-3-mm-faapritek-fureszpor-25-kg\/","og_locale":"en_GB","og_type":"article","og_title":"B\u00fckk 0-3 mm faapr\u00edt\u00e9k (f\u0171r\u00e9szpor) 25 kg","og_description":"Pr\u00e9mium, por- \u00e9s k\u00e9regmentes, rendk\u00edv\u00fcl sz\u00e1raz, oszt\u00e1lyozott b\u00fckkfa apr\u00edt\u00e9kunk hobbi \u00e9s ipari f\u00fcst\u00f6l\u0151kh\u00f6z egyar\u00e1nt haszn\u00e1lhat\u00f3. Ak\u00e1r raklap t\u00e9telben is el\u00e9rhet\u0151, [&hellip;]","og_url":"https:\/\/wood2smoke.eu\/en\/product\/bukk-0-3-mm-faapritek-fureszpor-25-kg\/","og_site_name":"Wood2smoke","article_publisher":"https:\/\/www.facebook.com\/wood2smoke","article_modified_time":"2026-03-10T09:59:53+00:00","twitter_card":"summary_large_image","twitter_misc":{"Price":"12225&nbsp;&#70;&#116;","Availability":"In stock"},"schema":{"@context":"https:\/\/schema.org","@graph":[{"@type":["WebPage","ItemPage"],"@id":"https:\/\/wood2smoke.eu\/termek\/bukk-0-3-mm-faapritek-fureszpor-25-kg\/","url":"https:\/\/wood2smoke.eu\/termek\/bukk-0-3-mm-faapritek-fureszpor-25-kg\/","name":"B\u00fckk 0-3 mm faapr\u00edt\u00e9k (f\u0171r\u00e9szpor) 25 kg - Wood2smoke","isPartOf":{"@id":"https:\/\/wood2smoke.eu\/#website"},"primaryImageOfPage":{"@id":"https:\/\/wood2smoke.eu\/termek\/bukk-0-3-mm-faapritek-fureszpor-25-kg\/#primaryimage"},"image":{"@id":"https:\/\/wood2smoke.eu\/termek\/bukk-0-3-mm-faapritek-fureszpor-25-kg\/#primaryimage"},"thumbnailUrl":"https:\/\/wood2smoke.eu\/wp-content\/uploads\/2026\/02\/faapritek-0-3mm.jpg","datePublished":"2026-02-13T11:41:30+00:00","dateModified":"2026-03-10T09:59:53+00:00","breadcrumb":{"@id":"https:\/\/wood2smoke.eu\/termek\/bukk-0-3-mm-faapritek-fureszpor-25-kg\/#breadcrumb"},"inLanguage":"en-GB","potentialAction":[{"@type":"ReadAction","target":["https:\/\/wood2smoke.eu\/termek\/bukk-0-3-mm-faapritek-fureszpor-25-kg\/"]}]},{"@type":"ImageObject","inLanguage":"en-GB","@id":"https:\/\/wood2smoke.eu\/termek\/bukk-0-3-mm-faapritek-fureszpor-25-kg\/#primaryimage","url":"https:\/\/wood2smoke.eu\/wp-content\/uploads\/2026\/02\/faapritek-0-3mm.jpg","contentUrl":"https:\/\/wood2smoke.eu\/wp-content\/uploads\/2026\/02\/faapritek-0-3mm.jpg","width":1024,"height":1024},{"@type":"BreadcrumbList","@id":"https:\/\/wood2smoke.eu\/termek\/bukk-0-3-mm-faapritek-fureszpor-25-kg\/#breadcrumb","itemListElement":[{"@type":"ListItem","position":1,"name":"Home","item":"https:\/\/wood2smoke.eu\/"},{"@type":"ListItem","position":2,"name":"Term\u00e9kek","item":"https:\/\/wood2smoke.eu\/uzlet\/"},{"@type":"ListItem","position":3,"name":"B\u00fckk 0-3 mm faapr\u00edt\u00e9k (f\u0171r\u00e9szpor) 25 kg"}]},{"@type":"WebSite","@id":"https:\/\/wood2smoke.eu\/#website","url":"https:\/\/wood2smoke.eu\/","name":"Wood2smoke","description":"","publisher":{"@id":"https:\/\/wood2smoke.eu\/#organization"},"potentialAction":[{"@type":"SearchAction","target":{"@type":"EntryPoint","urlTemplate":"https:\/\/wood2smoke.eu\/?s={search_term_string}"},"query-input":{"@type":"PropertyValueSpecification","valueRequired":true,"valueName":"search_term_string"}}],"inLanguage":"en-GB"},{"@type":"Organization","@id":"https:\/\/wood2smoke.eu\/#organization","name":"Liget GATTER Ltd.","url":"https:\/\/wood2smoke.eu\/","logo":{"@type":"ImageObject","inLanguage":"en-GB","@id":"https:\/\/wood2smoke.eu\/#\/schema\/logo\/image\/","url":"https:\/\/wood2smoke.eu\/wp-content\/uploads\/2026\/02\/wood-to-smoke-logo_inverz-red-b.png","contentUrl":"https:\/\/wood2smoke.eu\/wp-content\/uploads\/2026\/02\/wood-to-smoke-logo_inverz-red-b.png","width":600,"height":600,"caption":"Liget GATTER Kft."},"image":{"@id":"https:\/\/wood2smoke.eu\/#\/schema\/logo\/image\/"},"sameAs":["https:\/\/www.facebook.com\/wood2smoke","https:\/\/www.instagram.com\/wood2smoke\/?hl=hu"]}]},"product_price_amount":"12225","product_price_currency":"HUF","og_availability":"instock","product_availability":"instock","product_condition":"new"},"_links":{"self":[{"href":"https:\/\/wood2smoke.eu\/en\/wp-json\/wp\/v2\/product\/310","targetHints":{"allow":["GET"]}}],"collection":[{"href":"https:\/\/wood2smoke.eu\/en\/wp-json\/wp\/v2\/product"}],"about":[{"href":"https:\/\/wood2smoke.eu\/en\/wp-json\/wp\/v2\/types\/product"}],"replies":[{"embeddable":true,"href":"https:\/\/wood2smoke.eu\/en\/wp-json\/wp\/v2\/comments?post=310"}],"wp:featuredmedia":[{"embeddable":true,"href":"https:\/\/wood2smoke.eu\/en\/wp-json\/wp\/v2\/media\/102"}],"wp:attachment":[{"href":"https:\/\/wood2smoke.eu\/en\/wp-json\/wp\/v2\/media?parent=310"}],"wp:term":[{"taxonomy":"product_brand","embeddable":true,"href":"https:\/\/wood2smoke.eu\/en\/wp-json\/wp\/v2\/product_brand?post=310"},{"taxonomy":"product_cat","embeddable":true,"href":"https:\/\/wood2smoke.eu\/en\/wp-json\/wp\/v2\/product_cat?post=310"},{"taxonomy":"product_tag","embeddable":true,"href":"https:\/\/wood2smoke.eu\/en\/wp-json\/wp\/v2\/product_tag?post=310"}],"curies":[{"name":"wp","href":"https:\/\/api.w.org\/{rel}","templated":true}]}}